{"id":222,"date":"2024-05-27T09:57:05","date_gmt":"2024-05-27T07:57:05","guid":{"rendered":"https:\/\/dog-father.de\/?page_id=222"},"modified":"2024-06-30T17:27:28","modified_gmt":"2024-06-30T15:27:28","slug":"dankesseite-danke","status":"publish","type":"page","link":"https:\/\/dog-father.de\/?page_id=222","title":{"rendered":"Dankesseite"},"content":{"rendered":"<p>[et_pb_section fb_built=&#8220;1&#8243; _builder_version=&#8220;4.16&#8243; global_colors_info=&#8220;{}&#8220;][et_pb_row _builder_version=&#8220;4.16&#8243; background_size=&#8220;initial&#8220; background_position=&#8220;top_left&#8220; background_repeat=&#8220;repeat&#8220; global_colors_info=&#8220;{}&#8220;][et_pb_column type=&#8220;4_4&#8243; _builder_version=&#8220;4.16&#8243; custom_padding=&#8220;|||&#8220; global_colors_info=&#8220;{}&#8220; custom_padding__hover=&#8220;|||&#8220;][et_pb_text _builder_version=&#8220;4.16&#8243; background_size=&#8220;initial&#8220; background_position=&#8220;top_left&#8220; background_repeat=&#8220;repeat&#8220; global_colors_info=&#8220;{}&#8220;]<!-- divi:quote --><\/p>\n<blockquote class=\"wp-block-quote\"><p><!-- divi:heading {\"level\":3} --><\/p>\n<h3 class=\"wp-block-heading\">Vielen Dank f\u00fcr Ihre Anfrage!<\/h3>\n<p><!-- \/divi:heading --><\/p>\n<p><!-- divi:paragraph --><\/p>\n<p><strong>Wir freuen uns sehr \u00fcber Ihr Interesse an unseren Dienstleistungen bei Dog Father.<\/strong><\/p>\n<p><!-- \/divi:paragraph --><\/p>\n<p><!-- divi:paragraph --><\/p>\n<p>Wir haben Ihre Nachricht erhalten und werden uns so schnell wie m\u00f6glich bei Ihnen melden. Unsere oberste Priorit\u00e4t ist es, sicherzustellen, dass Ihr treuer Begleiter die bestm\u00f6gliche Betreuung und Pflege erh\u00e4lt.<\/p>\n<p><!-- \/divi:paragraph --><\/p>\n<p><!-- divi:paragraph --><\/p>\n<p>W\u00e4hrend Sie warten, m\u00f6chten wir Sie einladen, unsere Website weiter zu erkunden:<\/p>\n<p><!-- \/divi:paragraph --><\/p>\n<p><!-- divi:list --><\/p>\n<ul><!-- divi:list-item --><\/p>\n<li><strong><a href=\"https:\/\/chatgpt.com\/c\/4eea6052-33f6-4cce-b7c7-14188d0f248e#\">\u00dcber uns<\/a><\/strong>: Erfahren Sie mehr \u00fcber unsere Geschichte und unser Team.<\/li>\n<p><!-- \/divi:list-item --><\/p>\n<p><!-- divi:list-item --><\/p>\n<li><strong><a href=\"https:\/\/chatgpt.com\/c\/4eea6052-33f6-4cce-b7c7-14188d0f248e#\">Dienstleistungen<\/a><\/strong>: Entdecken Sie unsere umfassenden Betreuungsangebote f\u00fcr Hunde und Katzen.<\/li>\n<p><!-- \/divi:list-item --><\/p>\n<p><!-- divi:list-item --><\/p>\n<li><strong><a href=\"https:\/\/chatgpt.com\/c\/4eea6052-33f6-4cce-b7c7-14188d0f248e#\">Blog<\/a><\/strong>: Lesen Sie hilfreiche Tipps und interessante Artikel rund um die Pflege und das Wohlbefinden Ihrer Haustiere.<\/li>\n<p><!-- \/divi:list-item --><\/p>\n<p><!-- divi:list-item --><\/p>\n<li><strong><a href=\"https:\/\/chatgpt.com\/c\/4eea6052-33f6-4cce-b7c7-14188d0f248e#\">Kontakt<\/a><\/strong>: Haben Sie weitere Fragen? Z\u00f6gern Sie nicht, uns zu kontaktieren.<\/li>\n<p><!-- \/divi:list-item --><\/ul>\n<p><!-- \/divi:list --><\/p>\n<p><!-- divi:paragraph --><\/p>\n<p>Wenn Sie uns schneller erreichen m\u00f6chten, k\u00f6nnen Sie uns auch direkt anrufen unter <strong>+49 123 456789<\/strong> oder eine E-Mail senden an <strong><a>info@dog-father.de<\/a><\/strong>.<\/p>\n<p><!-- \/divi:paragraph --><\/p>\n<p><!-- divi:paragraph --><\/p>\n<p>Nochmals vielen Dank f\u00fcr Ihr Vertrauen in Dog Father. Wir freuen uns darauf, Sie und Ihren vierbeinigen Freund kennenzulernen!<\/p>\n<p><!-- \/divi:paragraph --><\/p>\n<p><!-- divi:paragraph --><\/p>\n<p>Mit freundlichen Gr\u00fc\u00dfen,<\/p>\n<p><!-- \/divi:paragraph --><\/p>\n<p><!-- divi:paragraph --><\/p>\n<p>Das Dog Father Team<\/p>\n<p><!-- \/divi:paragraph --><\/p><\/blockquote>\n<p><!-- \/divi:quote -->[\/et_pb_text][\/et_pb_column][\/et_pb_row][\/et_pb_section][et_pb_section fb_built=&#8220;1&#8243; _builder_version=&#8220;4.23.4&#8243; _module_preset=&#8220;default&#8220; global_colors_info=&#8220;{}&#8220;][et_pb_row _builder_version=&#8220;4.23.4&#8243; _module_preset=&#8220;default&#8220; global_colors_info=&#8220;{}&#8220;][et_pb_column type=&#8220;4_4&#8243; _builder_version=&#8220;4.23.4&#8243; _module_preset=&#8220;default&#8220; global_colors_info=&#8220;{}&#8220;][\/et_pb_column][\/et_pb_row][\/et_pb_section]<\/p>\n","protected":false},"excerpt":{"rendered":"<p>Vielen Dank f\u00fcr Ihre Anfrage! Wir freuen uns sehr \u00fcber Ihr Interesse an unseren Dienstleistungen bei Dog Father. Wir haben Ihre Nachricht erhalten und werden uns so schnell wie m\u00f6glich bei Ihnen melden. Unsere oberste Priorit\u00e4t ist es, sicherzustellen, dass Ihr treuer Begleiter die bestm\u00f6gliche Betreuung und Pflege erh\u00e4lt. W\u00e4hrend Sie warten, m\u00f6chten wir Sie [&hellip;]<\/p>\n","protected":false},"author":1,"featured_media":0,"parent":0,"menu_order":0,"comment_status":"closed","ping_status":"closed","template":"","meta":{"_et_pb_use_builder":"on","_et_pb_old_content":"<!-- wp:quote -->\n<blockquote class=\"wp-block-quote\"><!-- wp:heading {\"level\":3} -->\n<h3 class=\"wp-block-heading\">Vielen Dank f\u00fcr Ihre Anfrage!<\/h3>\n<!-- \/wp:heading -->\n\n<!-- wp:paragraph -->\n<p><strong>Wir freuen uns sehr \u00fcber Ihr Interesse an unseren Dienstleistungen bei Dog Father.<\/strong><\/p>\n<!-- \/wp:paragraph -->\n\n<!-- wp:paragraph -->\n<p>Wir haben Ihre Nachricht erhalten und werden uns so schnell wie m\u00f6glich bei Ihnen melden. Unsere oberste Priorit\u00e4t ist es, sicherzustellen, dass Ihr treuer Begleiter die bestm\u00f6gliche Betreuung und Pflege erh\u00e4lt.<\/p>\n<!-- \/wp:paragraph -->\n\n<!-- wp:paragraph -->\n<p>W\u00e4hrend Sie warten, m\u00f6chten wir Sie einladen, unsere Website weiter zu erkunden:<\/p>\n<!-- \/wp:paragraph -->\n\n<!-- wp:list -->\n<ul><!-- wp:list-item -->\n<li><strong><a href=\"https:\/\/chatgpt.com\/c\/4eea6052-33f6-4cce-b7c7-14188d0f248e#\">\u00dcber uns<\/a><\/strong>: Erfahren Sie mehr \u00fcber unsere Geschichte und unser Team.<\/li>\n<!-- \/wp:list-item -->\n\n<!-- wp:list-item -->\n<li><strong><a href=\"https:\/\/chatgpt.com\/c\/4eea6052-33f6-4cce-b7c7-14188d0f248e#\">Dienstleistungen<\/a><\/strong>: Entdecken Sie unsere umfassenden Betreuungsangebote f\u00fcr Hunde und Katzen.<\/li>\n<!-- \/wp:list-item -->\n\n<!-- wp:list-item -->\n<li><strong><a href=\"https:\/\/chatgpt.com\/c\/4eea6052-33f6-4cce-b7c7-14188d0f248e#\">Blog<\/a><\/strong>: Lesen Sie hilfreiche Tipps und interessante Artikel rund um die Pflege und das Wohlbefinden Ihrer Haustiere.<\/li>\n<!-- \/wp:list-item -->\n\n<!-- wp:list-item -->\n<li><strong><a href=\"https:\/\/chatgpt.com\/c\/4eea6052-33f6-4cce-b7c7-14188d0f248e#\">Kontakt<\/a><\/strong>: Haben Sie weitere Fragen? Z\u00f6gern Sie nicht, uns zu kontaktieren.<\/li>\n<!-- \/wp:list-item --><\/ul>\n<!-- \/wp:list -->\n\n<!-- wp:paragraph -->\n<p>Wenn Sie uns schneller erreichen m\u00f6chten, k\u00f6nnen Sie uns auch direkt anrufen unter <strong>+49 123 456789<\/strong> oder eine E-Mail senden an <strong><a>info@dog-father.de<\/a><\/strong>.<\/p>\n<!-- \/wp:paragraph -->\n\n<!-- wp:paragraph -->\n<p>Nochmals vielen Dank f\u00fcr Ihr Vertrauen in Dog Father. Wir freuen uns darauf, Sie und Ihren vierbeinigen Freund kennenzulernen!<\/p>\n<!-- \/wp:paragraph -->\n\n<!-- wp:paragraph -->\n<p>Mit freundlichen Gr\u00fc\u00dfen,<\/p>\n<!-- \/wp:paragraph -->\n\n<!-- wp:paragraph -->\n<p>Das Dog Father Team<\/p>\n<!-- \/wp:paragraph --><\/blockquote>\n<!-- \/wp:quote -->","_et_gb_content_width":"","content-type":"","footnotes":""},"class_list":["post-222","page","type-page","status-publish","hentry"],"yoast_head":"<!-- This site is optimized with the Yoast SEO plugin v23.4 - https:\/\/yoast.com\/wordpress\/plugins\/seo\/ -->\n<title>Dankesseite - dog-father.de<\/title>\n<meta name=\"robots\" content=\"index, follow, max-snippet:-1, max-image-preview:large, max-video-preview:-1\" \/>\n<link rel=\"canonical\" href=\"https:\/\/dog-father.de\/?page_id=222\" \/>\n<meta property=\"og:locale\" content=\"de_DE\" \/>\n<meta property=\"og:type\" content=\"article\" \/>\n<meta property=\"og:title\" content=\"Dankesseite - dog-father.de\" \/>\n<meta property=\"og:description\" content=\"Vielen Dank f\u00fcr Ihre Anfrage! Wir freuen uns sehr \u00fcber Ihr Interesse an unseren Dienstleistungen bei Dog Father. Wir haben Ihre Nachricht erhalten und werden uns so schnell wie m\u00f6glich bei Ihnen melden. Unsere oberste Priorit\u00e4t ist es, sicherzustellen, dass Ihr treuer Begleiter die bestm\u00f6gliche Betreuung und Pflege erh\u00e4lt. W\u00e4hrend Sie warten, m\u00f6chten wir Sie [&hellip;]\" \/>\n<meta property=\"og:url\" content=\"https:\/\/dog-father.de\/?page_id=222\" \/>\n<meta property=\"og:site_name\" content=\"dog-father.de\" \/>\n<meta property=\"article:modified_time\" content=\"2024-06-30T15:27:28+00:00\" \/>\n<meta name=\"twitter:card\" content=\"summary_large_image\" \/>\n<meta name=\"twitter:label1\" content=\"Gesch\u00e4tzte Lesezeit\" \/>\n\t<meta name=\"twitter:data1\" content=\"1\u00a0Minute\" \/>\n<script type=\"application\/ld+json\" class=\"yoast-schema-graph\">{\"@context\":\"https:\/\/schema.org\",\"@graph\":[{\"@type\":\"WebPage\",\"@id\":\"https:\/\/dog-father.de\/?page_id=222\",\"url\":\"https:\/\/dog-father.de\/?page_id=222\",\"name\":\"Dankesseite - dog-father.de\",\"isPartOf\":{\"@id\":\"https:\/\/dog-father.de\/#website\"},\"datePublished\":\"2024-05-27T07:57:05+00:00\",\"dateModified\":\"2024-06-30T15:27:28+00:00\",\"breadcrumb\":{\"@id\":\"https:\/\/dog-father.de\/?page_id=222#breadcrumb\"},\"inLanguage\":\"de\",\"potentialAction\":[{\"@type\":\"ReadAction\",\"target\":[\"https:\/\/dog-father.de\/?page_id=222\"]}]},{\"@type\":\"BreadcrumbList\",\"@id\":\"https:\/\/dog-father.de\/?page_id=222#breadcrumb\",\"itemListElement\":[{\"@type\":\"ListItem\",\"position\":1,\"name\":\"Startseite\",\"item\":\"https:\/\/dog-father.de\/\"},{\"@type\":\"ListItem\",\"position\":2,\"name\":\"Dankesseite\"}]},{\"@type\":\"WebSite\",\"@id\":\"https:\/\/dog-father.de\/#website\",\"url\":\"https:\/\/dog-father.de\/\",\"name\":\"dog-father.de\",\"description\":\"All about the Dog\",\"potentialAction\":[{\"@type\":\"SearchAction\",\"target\":{\"@type\":\"EntryPoint\",\"urlTemplate\":\"https:\/\/dog-father.de\/?s={search_term_string}\"},\"query-input\":{\"@type\":\"PropertyValueSpecification\",\"valueRequired\":true,\"valueName\":\"search_term_string\"}}],\"inLanguage\":\"de\"}]}<\/script>\n<!-- \/ Yoast SEO plugin. -->","yoast_head_json":{"title":"Dankesseite - dog-father.de","robots":{"index":"index","follow":"follow","max-snippet":"max-snippet:-1","max-image-preview":"max-image-preview:large","max-video-preview":"max-video-preview:-1"},"canonical":"https:\/\/dog-father.de\/?page_id=222","og_locale":"de_DE","og_type":"article","og_title":"Dankesseite - dog-father.de","og_description":"Vielen Dank f\u00fcr Ihre Anfrage! Wir freuen uns sehr \u00fcber Ihr Interesse an unseren Dienstleistungen bei Dog Father. Wir haben Ihre Nachricht erhalten und werden uns so schnell wie m\u00f6glich bei Ihnen melden. Unsere oberste Priorit\u00e4t ist es, sicherzustellen, dass Ihr treuer Begleiter die bestm\u00f6gliche Betreuung und Pflege erh\u00e4lt. W\u00e4hrend Sie warten, m\u00f6chten wir Sie [&hellip;]","og_url":"https:\/\/dog-father.de\/?page_id=222","og_site_name":"dog-father.de","article_modified_time":"2024-06-30T15:27:28+00:00","twitter_card":"summary_large_image","twitter_misc":{"Gesch\u00e4tzte Lesezeit":"1\u00a0Minute"},"schema":{"@context":"https:\/\/schema.org","@graph":[{"@type":"WebPage","@id":"https:\/\/dog-father.de\/?page_id=222","url":"https:\/\/dog-father.de\/?page_id=222","name":"Dankesseite - dog-father.de","isPartOf":{"@id":"https:\/\/dog-father.de\/#website"},"datePublished":"2024-05-27T07:57:05+00:00","dateModified":"2024-06-30T15:27:28+00:00","breadcrumb":{"@id":"https:\/\/dog-father.de\/?page_id=222#breadcrumb"},"inLanguage":"de","potentialAction":[{"@type":"ReadAction","target":["https:\/\/dog-father.de\/?page_id=222"]}]},{"@type":"BreadcrumbList","@id":"https:\/\/dog-father.de\/?page_id=222#breadcrumb","itemListElement":[{"@type":"ListItem","position":1,"name":"Startseite","item":"https:\/\/dog-father.de\/"},{"@type":"ListItem","position":2,"name":"Dankesseite"}]},{"@type":"WebSite","@id":"https:\/\/dog-father.de\/#website","url":"https:\/\/dog-father.de\/","name":"dog-father.de","description":"All about the Dog","potentialAction":[{"@type":"SearchAction","target":{"@type":"EntryPoint","urlTemplate":"https:\/\/dog-father.de\/?s={search_term_string}"},"query-input":{"@type":"PropertyValueSpecification","valueRequired":true,"valueName":"search_term_string"}}],"inLanguage":"de"}]}},"jetpack_sharing_enabled":true,"_links":{"self":[{"href":"https:\/\/dog-father.de\/index.php?rest_route=\/wp\/v2\/pages\/222","targetHints":{"allow":["GET"]}}],"collection":[{"href":"https:\/\/dog-father.de\/index.php?rest_route=\/wp\/v2\/pages"}],"about":[{"href":"https:\/\/dog-father.de\/index.php?rest_route=\/wp\/v2\/types\/page"}],"author":[{"embeddable":true,"href":"https:\/\/dog-father.de\/index.php?rest_route=\/wp\/v2\/users\/1"}],"replies":[{"embeddable":true,"href":"https:\/\/dog-father.de\/index.php?rest_route=%2Fwp%2Fv2%2Fcomments&post=222"}],"version-history":[{"count":7,"href":"https:\/\/dog-father.de\/index.php?rest_route=\/wp\/v2\/pages\/222\/revisions"}],"predecessor-version":[{"id":303,"href":"https:\/\/dog-father.de\/index.php?rest_route=\/wp\/v2\/pages\/222\/revisions\/303"}],"wp:attachment":[{"href":"https:\/\/dog-father.de\/index.php?rest_route=%2Fwp%2Fv2%2Fmedia&parent=222"}],"curies":[{"name":"wp","href":"https:\/\/api.w.org\/{rel}","templated":true}]}}